{"id":890,"date":"2021-12-02T17:07:55","date_gmt":"2021-12-02T16:07:55","guid":{"rendered":"https:\/\/.hr\/?page_id=890"},"modified":"2025-01-28T08:38:16","modified_gmt":"2025-01-28T07:38:16","slug":"pro","status":"publish","type":"page","link":"https:\/\/pro-laser.hr\/de\/pro\/","title":{"rendered":"PRO"},"content":{"rendered":"<h2>\u00dcBER UNS<\/h2>\n<p><strong>Die Gesellschaft PRO GmbH ist auf folgende Leistungen spezialisiert: Metall-Laserschneiden, Biegen von Blechen, maschinelle Bearbeitung mit klassischen und CNC-Maschinen, sowie Verschwei\u00dfen von verschiedenen Stoffen mit entsprechenden Methoden.<\/strong><\/p>\n<div class=\"image-container f-left\"><img decoding=\"async\" src=\"https:\/\/pro-laser.hr\/wp-content\/uploads\/2024\/04\/O_nama-1-300x300.jpg\" alt=\"\"><\/div>\n<p>W\u00e4hrend der letzten 20 Jahre hat sich das Unternehmen im Bereich Metallbearbeitung und Laserschneiden als eines der f\u00fchrenden in Kroatien profiliert. Unsere Qualit\u00e4tspolitik wurde mit dem ISO 9001 Zertifikat best\u00e4tigt. Wir f\u00f6rdern mit einer Reihe von Unternehmen im Bereich Energetik, Industrie und Bauwesen die Zusammenarbeit in der maschinellen Bearbeitung und des Laserschneidens. Mehr als 20 Jahre Tradition, Arbeit und Erfahrung im Bereich der Metallbearbeitung haben auch zur Entwicklung eines eigenen Produktionsprogramms beigetragen.<\/p>\n<p>Hervorheben m\u00f6chten wir vor allem das Programm von Sonnenkollektoren f\u00fcr Warmwasser, doch bedeutend sind auch andere Produkte, wie einbruchsicherer Jalousien, Gel\u00e4nder, Schutzd\u00e4cher und \u00e4hnliches. Die st\u00e4ndige Erweiterung unseres Fuhrparks, unser Fachpersonal, unser Wissen und unsere Erfahrung sind Gr\u00fcnde f\u00fcr unsere erfolgreiche T\u00e4tigkeit, f\u00fcr unsere guten Beziehungen zu unseren Partnern und f\u00fcr unseren Exportzuwachs.<\/p>\n<p>Unser Angebot kann in drei Gruppen eingeteilt werden:<\/p>\n<p>1. Maschinelle Bearbeitung &#8211; umfasst Laserschneiden von Metall, eckiges und rundes Biegen von Blechen, maschinelle Bearbeitung durch Abtrennung von Partikeln sowie Verschwei\u00dfen mit den Methoden des Metalledelgasschwei\u00dfens\/Metallaktivgasschwei\u00dfens und des Wolframinertgasschwei\u00dfens.<\/p>\n<p>2. Entwicklung und Produktion von Prototypen und komplexen Konstruktionen \u2013 wir liefern L\u00f6sungen nach Ma\u00df und entwickeln dabei neue Produkte, die Produktion von Prototypen neuer L\u00f6sungen, sowie die technische Dokumentation.<\/p>\n<p>3. Eigene Produkte \u2013 wir haben ein eigenes Produktangebot, in dem wir besonders die gesch\u00fctzten Sonnenkollektoren f\u00fcr Warmwasser hervorheben m\u00f6chten \u2013 ein innovatives Produkt, das das Ergebnis eigener Entwicklung ist.<\/p>\n<p>Wenden Sie sich an uns, nutzen Sie unser Wissen und unsere technischen M\u00f6glichkeiten und lassen Sie uns Ihr Produkt verwirklichen!<\/p>\n<p><img decoding=\"async\" src=\"https:\/\/pro-laser.hr\/wp-content\/uploads\/2024\/10\/20231231_101506-1-1024x768.jpg\" alt=\"\" \/><\/p>\n<p><a href=\"https:\/\/pro-laser.hr\/wp-content\/uploads\/2025\/01\/QUALITY-POLICY.pdf\" target=\"_blank\" rel=\"noopener\">Qualit\u00e4tspolitik<\/a><\/p>\n","protected":false},"excerpt":{"rendered":"<p>\u00dcBER UNS Die Gesellschaft PRO GmbH ist auf folgende Leistungen spezialisiert: Metall-Laserschneiden, Biegen von Blechen, maschinelle Bearbeitung mit klassischen und CNC-Maschinen, sowie Verschwei\u00dfen von verschiedenen Stoffen mit entsprechenden Methoden. W\u00e4hrend der letzten 20 Jahre hat sich das Unternehmen im Bereich Metallbearbeitung und Laserschneiden als eines der f\u00fchrenden in Kroatien profiliert. Unsere Qualit\u00e4tspolitik wurde mit dem [&hellip;]<\/p>\n","protected":false},"author":1,"featured_media":0,"parent":0,"menu_order":0,"comment_status":"closed","ping_status":"closed","template":"","meta":{"footnotes":""},"class_list":["post-890","page","type-page","status-publish","hentry"],"acf":[],"_links":{"self":[{"href":"https:\/\/pro-laser.hr\/de\/wp-json\/wp\/v2\/pages\/890","targetHints":{"allow":["GET"]}}],"collection":[{"href":"https:\/\/pro-laser.hr\/de\/wp-json\/wp\/v2\/pages"}],"about":[{"href":"https:\/\/pro-laser.hr\/de\/wp-json\/wp\/v2\/types\/page"}],"author":[{"embeddable":true,"href":"https:\/\/pro-laser.hr\/de\/wp-json\/wp\/v2\/users\/1"}],"replies":[{"embeddable":true,"href":"https:\/\/pro-laser.hr\/de\/wp-json\/wp\/v2\/comments?post=890"}],"version-history":[{"count":4,"href":"https:\/\/pro-laser.hr\/de\/wp-json\/wp\/v2\/pages\/890\/revisions"}],"predecessor-version":[{"id":1800,"href":"https:\/\/pro-laser.hr\/de\/wp-json\/wp\/v2\/pages\/890\/revisions\/1800"}],"wp:attachment":[{"href":"https:\/\/pro-laser.hr\/de\/wp-json\/wp\/v2\/media?parent=890"}],"curies":[{"name":"wp","href":"https:\/\/api.w.org\/{rel}","templated":true}]}}